{"id":42,"date":"2015-05-11T00:40:33","date_gmt":"2015-05-10T22:40:33","guid":{"rendered":"http:\/\/yogaliguria.com\/?page_id=42"},"modified":"2025-02-25T16:21:07","modified_gmt":"2025-02-25T15:21:07","slug":"yoga-vacation","status":"publish","type":"page","link":"http:\/\/yogaliguria.com\/?page_id=42","title":{"rendered":"YOGA &#038; VACATION"},"content":{"rendered":"<p>[et_pb_section fb_built=&#8221;1&#8243; fullwidth=&#8221;on&#8221; _builder_version=&#8221;3.22&#8243;][et_pb_fullwidth_slider admin_label=&#8221;Vollbreiter Slider&#8221; _builder_version=&#8221;4.2.1&#8243; custom_padding=&#8221;|||&#8221; custom_padding_tablet=&#8221;|||&#8221; custom_padding_phone=&#8221;|||&#8221; auto=&#8221;on&#8221; hover_enabled=&#8221;0&#8243; box_shadow_style=&#8221;preset6&#8243; box_shadow_blur=&#8221;10px&#8221; box_shadow_color=&#8221;rgba(0,0,0,0.1)&#8221; remove_inner_shadow=&#8221;off&#8221; hide_content_on_mobile=&#8221;off&#8221; hide_cta_on_mobile=&#8221;off&#8221; show_inner_shadow=&#8221;on&#8221; button_letter_spacing_hover=&#8221;0&#8243; button_text_size__hover_enabled=&#8221;off&#8221; button_one_text_size__hover_enabled=&#8221;off&#8221; button_two_text_size__hover_enabled=&#8221;off&#8221; button_text_color__hover_enabled=&#8221;off&#8221; button_one_text_color__hover_enabled=&#8221;off&#8221; button_two_text_color__hover_enabled=&#8221;off&#8221; button_border_width__hover_enabled=&#8221;off&#8221; button_one_border_width__hover_enabled=&#8221;off&#8221; button_two_border_width__hover_enabled=&#8221;off&#8221; button_border_color__hover_enabled=&#8221;off&#8221; button_one_border_color__hover_enabled=&#8221;off&#8221; button_two_border_color__hover_enabled=&#8221;off&#8221; button_border_radius__hover_enabled=&#8221;off&#8221; button_one_border_radius__hover_enabled=&#8221;off&#8221; button_two_border_radius__hover_enabled=&#8221;off&#8221; button_letter_spacing__hover_enabled=&#8221;on&#8221; button_letter_spacing__hover=&#8221;0&#8243; button_one_letter_spacing__hover_enabled=&#8221;off&#8221; button_two_letter_spacing__hover_enabled=&#8221;off&#8221; button_bg_color__hover_enabled=&#8221;off&#8221; button_one_bg_color__hover_enabled=&#8221;off&#8221; button_two_bg_color__hover_enabled=&#8221;off&#8221;][et_pb_slide heading=&#8221;Relais del Maro | 4 Star Ecoworld Hotel in Borgomaro&#8221; button_text=&#8221;Visit our Partners Website &#8221; button_link=&#8221;http:\/\/www.relaisdelmaro.it\/en&#8221; url_new_window=&#8221;on&#8221; _builder_version=&#8221;4.2.1&#8243; background_color=&#8221;#ffffff&#8221; background_image=&#8221;http:\/\/yogaliguria.com\/wp-content\/uploads\/2015\/05\/1891068_401716773351344_6372751788044748810_n.jpg&#8221; button_icon_placement=&#8221;right&#8221; button_on_hover=&#8221;on&#8221; button_text_size__hover_enabled=&#8221;off&#8221; button_one_text_size__hover_enabled=&#8221;off&#8221; button_two_text_size__hover_enabled=&#8221;off&#8221; button_text_color__hover_enabled=&#8221;off&#8221; button_one_text_color__hover_enabled=&#8221;off&#8221; button_two_text_color__hover_enabled=&#8221;off&#8221; button_border_width__hover_enabled=&#8221;off&#8221; button_one_border_width__hover_enabled=&#8221;off&#8221; button_two_border_width__hover_enabled=&#8221;off&#8221; button_border_color__hover_enabled=&#8221;off&#8221; button_one_border_color__hover_enabled=&#8221;off&#8221; button_two_border_color__hover_enabled=&#8221;off&#8221; button_border_radius__hover_enabled=&#8221;off&#8221; button_one_border_radius__hover_enabled=&#8221;off&#8221; button_two_border_radius__hover_enabled=&#8221;off&#8221; button_letter_spacing__hover_enabled=&#8221;off&#8221; button_one_letter_spacing__hover_enabled=&#8221;off&#8221; button_two_letter_spacing__hover_enabled=&#8221;off&#8221; button_bg_color__hover_enabled=&#8221;off&#8221; button_one_bg_color__hover_enabled=&#8221;off&#8221; button_two_bg_color__hover_enabled=&#8221;off&#8221;]<\/p>\n<p>Your Home Away From Home. The &#8220;Albergo Diffuso&#8221; has its satellite houses with 14 rooms distributed in 3 houses over the village to give a full range experience about living the authentic italian life. We are ready for Retreat, when you are!<\/p>\n<p>[\/et_pb_slide][et_pb_slide heading=&#8221;Casa Mimosa | Borgomaro &#8221; button_text=&#8221;Ein kleines Steinhaus in einem kleinen ligurischen Dorf.&#8221; button_link=&#8221;https:\/\/www.casamimosa-liguria.com\/&#8221; url_new_window=&#8221;on&#8221; _builder_version=&#8221;4.2.1&#8243; background_image=&#8221;http:\/\/yogaliguria.com\/wp-content\/uploads\/2023\/10\/CasaMimosa-scaled.jpg&#8221; background_enable_image=&#8221;on&#8221; link_option_url_new_window=&#8221;on&#8221;]<\/p>\n<h3><span style=\"font-size: 14pt;\">Perfekt f\u00fcr 1-2 Personen. \ud83d\ude0d\u00a0 Borgomaro ist ein Dorf, in dem die Seele jubelt, wo man unbeschwert durch die malerischen Gassen schlendert, in der Dorfbar an seinem Kaffee nippt und das Dorfleben beobachtet, abends zwischen Pizza, ortstypischen Leckereien&#8230;<\/span><\/h3>\n<p><span style=\"font-size: 14pt;\"><a href=\"https:\/\/www.casamimosa-liguria.com\/\">www.casamimosa-liguria.com<\/a><\/span><\/p>\n<p>[\/et_pb_slide][et_pb_slide heading=&#8221;Case Vacanze gli Ulivi | Borgomaro&#8221; button_text=&#8221;Happiness, Nature, Relax and Olives&#8221; button_link=&#8221;https:\/\/casevacanzegliulivi.it\/&#8221; url_new_window=&#8221;on&#8221; _builder_version=&#8221;4.2.1&#8243; background_image=&#8221;http:\/\/yogaliguria.com\/wp-content\/uploads\/2022\/02\/1BB8250F-0086-431B-9E01-E9ED3DA4B587-scaled.jpg&#8221; background_enable_image=&#8221;on&#8221;]<\/p>\n<p>Immersed into Olivetrees and a special Silence. The perfect place to restore your Balance.<\/p>\n<p>[\/et_pb_slide][\/et_pb_fullwidth_slider][\/et_pb_section][et_pb_section fb_built=&#8221;1&#8243; _builder_version=&#8221;4.2.1&#8243;][et_pb_row _builder_version=&#8221;4.2.1&#8243;][et_pb_column type=&#8221;4_4&#8243; _builder_version=&#8221;4.2.1&#8243;][et_pb_text _builder_version=&#8221;4.2.1&#8243;]<\/p>\n<h2>\ud83c\uddec\ud83c\udde7 Yoga &amp; Vacation | Create your unique Yogaretreat<\/h2>\n<p>These are our partners for your vacation in Borgomaro and Valloria. For Booking please follow the link of the accommodation you prefer and book your room directly there &#8211; if you need any help for choosing, feel free to contact me (Aim\u00e9e) too. For planning your unique Yogaretreat please write or call via Whatsapp +39 389 791 5382 or mail to info@yogaliguria.com prior to the booking of your accommodation, just to check availability. Thank You &lt;3<\/p>\n<p>[\/et_pb_text][et_pb_text _builder_version=&#8221;4.2.1&#8243;]<\/p>\n<h2>\ud83c\udde9\ud83c\uddea Yoga &amp; Urlaub | Plane Dein Einzigartiges Yogaretreat<\/h2>\n<p>Dies sind unsere Partner f\u00fcr Deinen Lichturlaub in Borgomaro oder Valloria. Zum Buchen folge dem Link der Unterkunft deiner Wahl und buche dein Zimmer dort direkt &#8211; falls Du dazu Hilfe ben\u00f6tigst, stehe ich (Aim\u00e9e) Dir gerne zur Verf\u00fcgung. F\u00fcr die Planung Deines einzigartigen Yogaretreats schreibe mir unter Whatsapp +39 389 791 5382 oder info@yogaliguria.com bevor Du Deine Unterkunft buchst, um die terminliche Verf\u00fcgbarkeit zu pr\u00fcfen. Danke Vielmals &lt;3<\/p>\n<p>[\/et_pb_text][\/et_pb_column][\/et_pb_row][et_pb_row column_structure=&#8221;1_4,1_4,1_4,1_4&#8243; _builder_version=&#8221;3.25&#8243; background_size=&#8221;initial&#8221; background_position=&#8221;top_left&#8221; background_repeat=&#8221;repeat&#8221; collapsed=&#8221;off&#8221;][et_pb_column type=&#8221;1_4&#8243; _builder_version=&#8221;3.25&#8243; custom_padding=&#8221;|||&#8221; custom_padding__hover=&#8221;|||&#8221;][et_pb_image src=&#8221;http:\/\/yogaliguria.com\/wp-content\/uploads\/2015\/05\/1891068_401716773351344_6372751788044748810_n.jpg&#8221; align_tablet=&#8221;center&#8221; align_phone=&#8221;&#8221; align_last_edited=&#8221;on|desktop&#8221; admin_label=&#8221;Bild&#8221; _builder_version=&#8221;3.23&#8243; animation_style=&#8221;slide&#8221; animation_direction=&#8221;left&#8221; animation_duration=&#8221;500ms&#8221; animation_intensity_slide=&#8221;10%&#8221; use_border_color=&#8221;off&#8221; border_color=&#8221;#ffffff&#8221; border_style=&#8221;solid&#8221; animation=&#8221;left&#8221; sticky=&#8221;off&#8221; always_center_on_mobile=&#8221;on&#8221;][\/et_pb_image][et_pb_text admin_label=&#8221;Text&#8221; _builder_version=&#8221;4.2.1&#8243; background_size=&#8221;initial&#8221; background_position=&#8221;top_left&#8221; background_repeat=&#8221;repeat&#8221; use_border_color=&#8221;off&#8221; border_color=&#8221;#ffffff&#8221; border_style=&#8221;solid&#8221;]<\/p>\n<p><strong>Relais Del Maro &#8211; Albergo Diffuso | Borgomaro<br \/><\/strong>Your Home Away From Home. The \u201cAlbergo Diffuso\u201d has its satellite houses with 14 rooms distributed in 3 houses over the village to give a full range experience about living the authentic italian life. We are ready for Retreat, when you are! Booking &amp; Info <a title=\"Relais del Maro\" href=\"http:\/\/www.relaisdelmaro.it\/en\" target=\"_blank\" rel=\"noopener noreferrer\">Relais del Maro<\/a><\/p>\n<p>[\/et_pb_text][\/et_pb_column][et_pb_column type=&#8221;1_4&#8243; _builder_version=&#8221;3.25&#8243; custom_padding=&#8221;|||&#8221; custom_padding__hover=&#8221;|||&#8221;][et_pb_image src=&#8221;http:\/\/yogaliguria.com\/wp-content\/uploads\/2023\/10\/CasaMimosa-scaled.jpg&#8221; admin_label=&#8221;Image&#8221; _builder_version=&#8221;4.2.1&#8243;][\/et_pb_image][et_pb_text admin_label=&#8221;Text&#8221; _builder_version=&#8221;4.2.1&#8243; background_size=&#8221;initial&#8221; background_position=&#8221;top_left&#8221; background_repeat=&#8221;repeat&#8221; use_border_color=&#8221;off&#8221; border_color=&#8221;#ffffff&#8221; border_style=&#8221;solid&#8221;]<\/p>\n<p><strong>Casa Mimosa | Borgomaro<br \/><\/strong><\/p>\n<h1><span style=\"font-size: 12pt;\"><em>Ein kleines Steinhaus in einem kleinen ligurischen Dorf. Ideal f\u00fcr 1 &#8211; 2 Personen. 10 Fu\u00dfminuten zum Healingartsgarden.\u00a0<\/em><\/span><\/h1>\n<p>Info <a href=\"https:\/\/www.casamimosa-liguria.com\/\">Casa Mimosa<\/a><\/p>\n<p>[\/et_pb_text][\/et_pb_column][et_pb_column type=&#8221;1_4&#8243; _builder_version=&#8221;3.25&#8243; custom_padding=&#8221;|||&#8221; custom_padding__hover=&#8221;|||&#8221;][et_pb_image src=&#8221;http:\/\/yogaliguria.com\/wp-content\/uploads\/2022\/02\/1BB8250F-0086-431B-9E01-E9ED3DA4B587-scaled.jpg&#8221; _builder_version=&#8221;4.2.1&#8243;][\/et_pb_image][et_pb_text admin_label=&#8221;Text&#8221; _builder_version=&#8221;4.2.1&#8243; background_size=&#8221;initial&#8221; background_position=&#8221;top_left&#8221; background_repeat=&#8221;repeat&#8221; use_border_color=&#8221;off&#8221; border_color=&#8221;#ffffff&#8221; border_style=&#8221;solid&#8221;]<\/p>\n<p><strong>Case Vacanze Gli Ulivi | Borgomaro<br \/><\/strong>Nearby our beloved Healingartsgarden, we can find this beautiful accommodation gem immersed into olive-trees, silence and vastness. They offer 2 houses with up to 4 people each, shared pool and garden.<\/p>\n<p>Info <a href=\"https:\/\/casevacanzegliulivi.it\/\">Case Vacanze Gli Ulivi<\/a> | <a href=\"https:\/\/www.booking.com\/hotel\/it\/casa-vacanze-gli-ulivi.en-gb.html?aid=1258472&amp;label=Share-najWAa%401620727306&amp;sid=560cdd5f4da87bc44bcc1b741faceb3c&amp;dist=0&amp;group_adults=2&amp;group_children=0&amp;lang=en-gb&amp;no_rooms=1&amp;room1=A%2CA&amp;sb_price_type=total&amp;soz=1&amp;type=total&amp;lang_click=other;cdl=it;lang_changed=1#availability\">Booking<\/a>\u00a0<\/p>\n<p>[\/et_pb_text][\/et_pb_column][et_pb_column type=&#8221;1_4&#8243; _builder_version=&#8221;3.25&#8243; custom_padding=&#8221;|||&#8221; custom_padding__hover=&#8221;|||&#8221;][et_pb_image src=&#8221;http:\/\/yogaliguria.com\/wp-content\/uploads\/2020\/02\/OutdoorYogaExpansion.jpg&#8221; _builder_version=&#8221;4.2.1&#8243;][\/et_pb_image][\/et_pb_column][\/et_pb_row][et_pb_row _builder_version=&#8221;4.2.1&#8243;][et_pb_column type=&#8221;4_4&#8243; _builder_version=&#8221;4.2.1&#8243;][et_pb_gallery gallery_ids=&#8221;2590,3365,2936,3018&#8243; orientation=&#8221;portrait&#8221; show_title_and_caption=&#8221;off&#8221; _builder_version=&#8221;4.2.1&#8243;][\/et_pb_gallery][et_pb_gallery gallery_ids=&#8221;2580,3239,2595,1562&#8243; orientation=&#8221;portrait&#8221; show_title_and_caption=&#8221;off&#8221; _builder_version=&#8221;4.2.1&#8243;][\/et_pb_gallery][\/et_pb_column][\/et_pb_row][\/et_pb_section][et_pb_section fb_built=&#8221;1&#8243; _builder_version=&#8221;3.22&#8243; background_color=&#8221;#ffffff&#8221;][et_pb_row _builder_version=&#8221;3.25&#8243; background_size=&#8221;initial&#8221; background_position=&#8221;top_left&#8221; background_repeat=&#8221;repeat&#8221;][et_pb_column type=&#8221;4_4&#8243; _builder_version=&#8221;3.25&#8243; custom_padding=&#8221;|||&#8221; custom_padding__hover=&#8221;|||&#8221;][et_pb_contact_form captcha=&#8221;off&#8221; email=&#8221;emi.denkmann@live.de&#8221; title=&#8221;Contact Us&#8221; admin_label=&#8221;Contact Form&#8221; _builder_version=&#8221;3.0.87&#8243;][et_pb_contact_field field_id=&#8221;Name&#8221; field_title=&#8221;Name&#8221; _builder_version=&#8221;3.16&#8243; button_text_size__hover_enabled=&#8221;off&#8221; button_one_text_size__hover_enabled=&#8221;off&#8221; button_two_text_size__hover_enabled=&#8221;off&#8221; button_text_color__hover_enabled=&#8221;off&#8221; button_one_text_color__hover_enabled=&#8221;off&#8221; button_two_text_color__hover_enabled=&#8221;off&#8221; button_border_width__hover_enabled=&#8221;off&#8221; button_one_border_width__hover_enabled=&#8221;off&#8221; button_two_border_width__hover_enabled=&#8221;off&#8221; button_border_color__hover_enabled=&#8221;off&#8221; button_one_border_color__hover_enabled=&#8221;off&#8221; button_two_border_color__hover_enabled=&#8221;off&#8221; button_border_radius__hover_enabled=&#8221;off&#8221; button_one_border_radius__hover_enabled=&#8221;off&#8221; button_two_border_radius__hover_enabled=&#8221;off&#8221; button_letter_spacing__hover_enabled=&#8221;off&#8221; button_one_letter_spacing__hover_enabled=&#8221;off&#8221; button_two_letter_spacing__hover_enabled=&#8221;off&#8221; button_bg_color__hover_enabled=&#8221;off&#8221; button_one_bg_color__hover_enabled=&#8221;off&#8221; button_two_bg_color__hover_enabled=&#8221;off&#8221;][\/et_pb_contact_field][et_pb_contact_field field_id=&#8221;Email&#8221; field_title=&#8221;Email Address&#8221; field_type=&#8221;email&#8221; _builder_version=&#8221;3.16&#8243; button_text_size__hover_enabled=&#8221;off&#8221; button_one_text_size__hover_enabled=&#8221;off&#8221; button_two_text_size__hover_enabled=&#8221;off&#8221; button_text_color__hover_enabled=&#8221;off&#8221; button_one_text_color__hover_enabled=&#8221;off&#8221; button_two_text_color__hover_enabled=&#8221;off&#8221; button_border_width__hover_enabled=&#8221;off&#8221; button_one_border_width__hover_enabled=&#8221;off&#8221; button_two_border_width__hover_enabled=&#8221;off&#8221; button_border_color__hover_enabled=&#8221;off&#8221; button_one_border_color__hover_enabled=&#8221;off&#8221; button_two_border_color__hover_enabled=&#8221;off&#8221; button_border_radius__hover_enabled=&#8221;off&#8221; button_one_border_radius__hover_enabled=&#8221;off&#8221; button_two_border_radius__hover_enabled=&#8221;off&#8221; button_letter_spacing__hover_enabled=&#8221;off&#8221; button_one_letter_spacing__hover_enabled=&#8221;off&#8221; button_two_letter_spacing__hover_enabled=&#8221;off&#8221; button_bg_color__hover_enabled=&#8221;off&#8221; button_one_bg_color__hover_enabled=&#8221;off&#8221; button_two_bg_color__hover_enabled=&#8221;off&#8221;][\/et_pb_contact_field][et_pb_contact_field field_id=&#8221;Message&#8221; field_title=&#8221;Message&#8221; field_type=&#8221;text&#8221; fullwidth_field=&#8221;on&#8221; _builder_version=&#8221;3.16&#8243; button_text_size__hover_enabled=&#8221;off&#8221; button_one_text_size__hover_enabled=&#8221;off&#8221; button_two_text_size__hover_enabled=&#8221;off&#8221; button_text_color__hover_enabled=&#8221;off&#8221; button_one_text_color__hover_enabled=&#8221;off&#8221; button_two_text_color__hover_enabled=&#8221;off&#8221; button_border_width__hover_enabled=&#8221;off&#8221; button_one_border_width__hover_enabled=&#8221;off&#8221; button_two_border_width__hover_enabled=&#8221;off&#8221; button_border_color__hover_enabled=&#8221;off&#8221; button_one_border_color__hover_enabled=&#8221;off&#8221; button_two_border_color__hover_enabled=&#8221;off&#8221; button_border_radius__hover_enabled=&#8221;off&#8221; button_one_border_radius__hover_enabled=&#8221;off&#8221; button_two_border_radius__hover_enabled=&#8221;off&#8221; button_letter_spacing__hover_enabled=&#8221;off&#8221; button_one_letter_spacing__hover_enabled=&#8221;off&#8221; button_two_letter_spacing__hover_enabled=&#8221;off&#8221; button_bg_color__hover_enabled=&#8221;off&#8221; button_one_bg_color__hover_enabled=&#8221;off&#8221; button_two_bg_color__hover_enabled=&#8221;off&#8221;][\/et_pb_contact_field][\/et_pb_contact_form][\/et_pb_column][\/et_pb_row][\/et_pb_section]<\/p>\n","protected":false},"excerpt":{"rendered":"<p>[et_pb_section fb_built=&#8221;1&#8243; fullwidth=&#8221;on&#8221; _builder_version=&#8221;3.22&#8243;][et_pb_fullwidth_slider admin_label=&#8221;Vollbreiter Slider&#8221; _builder_version=&#8221;4.2.1&#8243; custom_padding=&#8221;|||&#8221; custom_padding_tablet=&#8221;|||&#8221; custom_padding_phone=&#8221;|||&#8221; auto=&#8221;on&#8221; hover_enabled=&#8221;0&#8243; box_shadow_style=&#8221;preset6&#8243; box_shadow_blur=&#8221;10px&#8221; box_shadow_color=&#8221;rgba(0,0,0,0.1)&#8221; remove_inner_shadow=&#8221;off&#8221; hide_content_on_mobile=&#8221;off&#8221; hide_cta_on_mobile=&#8221;off&#8221; show_inner_shadow=&#8221;on&#8221; button_letter_spacing_hover=&#8221;0&#8243; button_text_size__hover_enabled=&#8221;off&#8221; button_one_text_size__hover_enabled=&#8221;off&#8221; button_two_text_size__hover_enabled=&#8221;off&#8221; button_text_color__hover_enabled=&#8221;off&#8221; button_one_text_color__hover_enabled=&#8221;off&#8221; button_two_text_color__hover_enabled=&#8221;off&#8221; button_border_width__hover_enabled=&#8221;off&#8221; button_one_border_width__hover_enabled=&#8221;off&#8221; button_two_border_width__hover_enabled=&#8221;off&#8221; button_border_color__hover_enabled=&#8221;off&#8221; button_one_border_color__hover_enabled=&#8221;off&#8221; button_two_border_color__hover_enabled=&#8221;off&#8221; button_border_radius__hover_enabled=&#8221;off&#8221; button_one_border_radius__hover_enabled=&#8221;off&#8221; button_two_border_radius__hover_enabled=&#8221;off&#8221; button_letter_spacing__hover_enabled=&#8221;on&#8221; button_letter_spacing__hover=&#8221;0&#8243; button_one_letter_spacing__hover_enabled=&#8221;off&#8221; button_two_letter_spacing__hover_enabled=&#8221;off&#8221; button_bg_color__hover_enabled=&#8221;off&#8221; button_one_bg_color__hover_enabled=&#8221;off&#8221; button_two_bg_color__hover_enabled=&#8221;off&#8221;][et_pb_slide heading=&#8221;Relais del Maro | 4 Star Ecoworld Hotel in Borgomaro&#8221; button_text=&#8221;Visit our Partners [&hellip;]<\/p>\n","protected":false},"author":1,"featured_media":0,"parent":0,"menu_order":0,"comment_status":"open","ping_status":"open","template":"","meta":{"_et_pb_use_builder":"on","_et_pb_old_content":"","_et_gb_content_width":"","footnotes":""},"class_list":["post-42","page","type-page","status-publish","hentry"],"_links":{"self":[{"href":"http:\/\/yogaliguria.com\/index.php?rest_route=\/wp\/v2\/pages\/42","targetHints":{"allow":["GET"]}}],"collection":[{"href":"http:\/\/yogaliguria.com\/index.php?rest_route=\/wp\/v2\/pages"}],"about":[{"href":"http:\/\/yogaliguria.com\/index.php?rest_route=\/wp\/v2\/types\/page"}],"author":[{"embeddable":true,"href":"http:\/\/yogaliguria.com\/index.php?rest_route=\/wp\/v2\/users\/1"}],"replies":[{"embeddable":true,"href":"http:\/\/yogaliguria.com\/index.php?rest_route=%2Fwp%2Fv2%2Fcomments&post=42"}],"version-history":[{"count":65,"href":"http:\/\/yogaliguria.com\/index.php?rest_route=\/wp\/v2\/pages\/42\/revisions"}],"predecessor-version":[{"id":3498,"href":"http:\/\/yogaliguria.com\/index.php?rest_route=\/wp\/v2\/pages\/42\/revisions\/3498"}],"wp:attachment":[{"href":"http:\/\/yogaliguria.com\/index.php?rest_route=%2Fwp%2Fv2%2Fmedia&parent=42"}],"curies":[{"name":"wp","href":"https:\/\/api.w.org\/{rel}","templated":true}]}}