{"id":3156,"date":"2022-12-22T18:34:51","date_gmt":"2022-12-22T17:34:51","guid":{"rendered":"http:\/\/yogaliguria.com\/?page_id=3156"},"modified":"2023-07-26T22:32:35","modified_gmt":"2023-07-26T20:32:35","slug":"workshop-ritiro-%f0%9f%87%ae%f0%9f%87%b9","status":"publish","type":"page","link":"http:\/\/yogaliguria.com\/?page_id=3156","title":{"rendered":"WORKSHOP &#038; RITIRO \ud83c\uddee\ud83c\uddf9"},"content":{"rendered":"<p>[et_pb_section fb_built=&#8221;1&#8243; fullwidth=&#8221;on&#8221; _builder_version=&#8221;4.2.1&#8243;][et_pb_fullwidth_slider _builder_version=&#8221;4.2.1&#8243; background_color=&#8221;#88c4dd&#8221; animation_style=&#8221;slide&#8221;][et_pb_slide heading=&#8221;. : : ELEMENTS : : .&#8221; button_text=&#8221;Versione Italiana \ud83c\uddee\ud83c\uddf9 &#8221; button_link=&#8221;http:\/\/yogaliguria.com\/?page_id=3156#&#8221; _builder_version=&#8221;4.2.1&#8243; background_color=&#8221;#FFFFFF&#8221; background_enable_color=&#8221;on&#8221; background_image=&#8221;http:\/\/yogaliguria.com\/wp-content\/uploads\/2022\/12\/Elements_Retreat_Header.jpeg&#8221; background_enable_image=&#8221;on&#8221; button_alignment=&#8221;center&#8221;]<\/p>\n<h3 style=\"text-align: center;\"><span style=\"font-size: 24pt;\">YOGA &amp; E-BIKE RETREAT<\/span><\/h3>\n<p style=\"text-align: center;\"><span style=\"font-size: 14pt;\"><strong>Valloria (Imperia) \/ ITALY<br \/>Agriturismo San Giuseppe<\/strong><\/span><\/p>\n<p style=\"text-align: center;\"><span style=\"font-size: 14pt;\"><strong>23. &#8211; 30. Settembre 2023<\/strong><\/span><\/p>\n<p style=\"text-align: center;\"><span style=\"font-size: 14pt;\"><strong>Kundalini, Vinyasa Yoga &amp; Meditazione<\/strong><\/span><br \/><span style=\"font-size: 14pt;\"><strong>E-Mountainbike Tour<br \/>5 Elementi &amp; Raccolta Olive<\/strong><\/span><\/p>\n<p>[\/et_pb_slide][\/et_pb_fullwidth_slider][\/et_pb_section][et_pb_section fb_built=&#8221;1&#8243; _builder_version=&#8221;4.2.1&#8243;][et_pb_row column_structure=&#8221;1_2,1_2&#8243; _builder_version=&#8221;4.2.1&#8243;][et_pb_column type=&#8221;1_2&#8243; _builder_version=&#8221;4.2.1&#8243;][et_pb_image src=&#8221;http:\/\/yogaliguria.com\/wp-content\/uploads\/2022\/07\/yoga_pool_valloria.jpeg&#8221; show_in_lightbox=&#8221;on&#8221; _builder_version=&#8221;4.2.1&#8243;][\/et_pb_image][\/et_pb_column][et_pb_column type=&#8221;1_2&#8243; _builder_version=&#8221;4.2.1&#8243;][et_pb_text _builder_version=&#8221;4.2.1&#8243;]<\/p>\n<h1 class=\"p1\">Una Settimana Unica<\/h1>\n<p class=\"p1\">Il ritiro interdisciplinare di yoga ed e-bike combina diversi aspetti della <strong>DOLCEVITA<\/strong>: Passione, comunit\u00e0, calore, yoga, escursioni, immersione nella natura e nei 5 elementi, buon cibo, la fantastica <strong>Liguria<\/strong> con tutti i suoi luoghi magici e il nostro tour in e-mountain bike intorno a <strong>Valloria<\/strong>, nelle Alpi Marittime.<\/p>\n<p class=\"p1\">Gli stili di yoga offerti sono <strong>Kundalini progressivo<\/strong> e <strong>Vinyasa Yoga<\/strong> in alternanza (non \u00e8 richiesta alcuna esperienza precedente).<\/p>\n<p class=\"p1\">La natura come terreno di trasformazione. La contemplazione interiore e il sostegno della comunit\u00e0 in un luogo speciale sono puro nutrimento per l&#8217;anima. Potenziale, guarigione, amore e creativit\u00e0. La riconnessione e la profonda immersione nella natura ci permettono di attivare il potere di guarigione del corpo. Anche gli elementi di terapia della natura faranno parte nostra della nostra settima.<\/p>\n<p>Fine Settembre comincia la raccolta delle Olive &#8211; per tutti gli interessati c\u00b4\u00e8 un workshop sulla produzione tipica del olio di oliva di taggiasca.\u00a0<\/p>\n<p>[\/et_pb_text][\/et_pb_column][\/et_pb_row][et_pb_row column_structure=&#8221;1_2,1_2&#8243; _builder_version=&#8221;4.2.1&#8243;][et_pb_column type=&#8221;1_2&#8243; _builder_version=&#8221;4.2.1&#8243;][et_pb_image src=&#8221;http:\/\/yogaliguria.com\/wp-content\/uploads\/2022\/12\/HAG_6.jpeg&#8221; show_in_lightbox=&#8221;on&#8221; admin_label=&#8221;Image&#8221; _builder_version=&#8221;4.2.1&#8243;][\/et_pb_image][et_pb_image src=&#8221;http:\/\/yogaliguria.com\/wp-content\/uploads\/2020\/02\/NatureChild.jpg&#8221; show_in_lightbox=&#8221;on&#8221; admin_label=&#8221;Image&#8221; _builder_version=&#8221;4.2.1&#8243;][\/et_pb_image][et_pb_image src=&#8221;http:\/\/yogaliguria.com\/wp-content\/uploads\/2015\/05\/borgomaro1.jpg&#8221; show_in_lightbox=&#8221;on&#8221; admin_label=&#8221;Image&#8221; _builder_version=&#8221;4.2.1&#8243;][\/et_pb_image][\/et_pb_column][et_pb_column type=&#8221;1_2&#8243; _builder_version=&#8221;4.2.1&#8243;][et_pb_text _builder_version=&#8221;4.2.1&#8243;]<\/p>\n<h1 class=\"p1\">Yoga &amp; Bicicletta Elettrica<\/h1>\n<p class=\"p1\">Una gita con E-Bike di un giorno all&#8217; <strong>Healingartsgarden<\/strong> di <strong>Borgomaro<\/strong> con sessione di yoga e aperitivo, oltre alla visita del giardino.<\/p>\n<p class=\"p1\">Anche Borgomaro \u00e8 un piccolo borgo tipico ligure nell&#8217;entroterra di Imperia. Qui, Aim\u00e9e Denkmann &#8211; insegnante di yoga Kundalini progressivo e guida ai ritiri &#8211; ha costruito negli ultimi anni un <strong>giardino d&#8217;arte curativa<\/strong> con un piccolo studio esclusivo di yoga all&#8217;aperto per dare a yogi e yogini interessati l&#8217;opportunit\u00e0 di riconnettersi con la natura. Il potere di <strong>guarigione<\/strong> proprio del corpo, che si rafforza stando nella natura, \u00e8 un aspetto importante per ritrovare se stessi, per guarire, per rilassarsi, per rafforzare il proprio sistema immunitario e per sentire di nuovo la nostra vera connessione nonostante tutta la separazione nel nostro mondo.<\/p>\n<p class=\"p1\">Oltre alla gita di un giorno a Borgomaro, ci saranno sessioni di yoga sulla terrazza della piscina dell&#8217;agriturismo e passeggiate nella natura. Bagno in un lago di montagna. Il cerchio degli elementi. Meditazione, pranayama. Rilassamento profondo e ricarica. Circondato da ulivi.<\/p>\n<p class=\"p1\">&#8220;L&#8217;interdisciplinarit\u00e0 mi \u00e8 sempre piaciuta ed \u00e8 per questo che ho anche chiamato lo yoga &#8220;progressivo&#8221; Kundalini Yoga, perch\u00e9 nei miei corsi, oltre al Kundalini classico, ci sono anche elementi di altri metodi, ad esempio la danza, la meditazione buddista, la terapia della natura, la fitoterapia e molto altro. I miei corsi sono tenuti in tedesco, italiano e inglese. Attualmente coltivo ortaggi e frutti biologici, oltre alle erbe medicinali e fiori: la natura e i suoi ritmi ci insegnano moltissimo. Non solo in tempi di Corona, l&#8217;Healingartsgarden ha dato a me e ad altri lo spazio &#8220;magico&#8221; per potersi esprimere e godere semplicemente dell&#8217;essere. Attraverso l&#8217;abbondanza e l&#8217;amore della natura, riconosciamo l&#8217;abbondanza e l&#8217;amore in noi stessi e abbiamo cos\u00ec la possibilit\u00e0 di rilasciare i programmi di mancanza superflui e i sentimenti spiacevoli. Lo yoga e la meditazione ci aiutano ad approfondire questa esperienza&#8221;, spiega Aim\u00e9e Denkmann (. : : ELEMENTS : : . &#8211; Retreatguide).<\/p>\n<p class=\"p1\">Un ottimo rifugio per staccare la spina e conoscere il bellissimo entroterra ligure (Prino- e Marotal).<\/p>\n<p>[\/et_pb_text][et_pb_image src=&#8221;http:\/\/yogaliguria.com\/wp-content\/uploads\/2022\/07\/Bike_Trail_Logo_3-copy-3.png&#8221; show_in_lightbox=&#8221;on&#8221; admin_label=&#8221;Image&#8221; _builder_version=&#8221;4.2.1&#8243;][\/et_pb_image][\/et_pb_column][\/et_pb_row][et_pb_row column_structure=&#8221;1_2,1_2&#8243; _builder_version=&#8221;4.2.1&#8243;][et_pb_column type=&#8221;1_2&#8243; _builder_version=&#8221;4.2.1&#8243;][et_pb_image src=&#8221;http:\/\/yogaliguria.com\/wp-content\/uploads\/2020\/03\/IMG_6214.jpg&#8221; show_in_lightbox=&#8221;on&#8221; _builder_version=&#8221;4.2.1&#8243;][\/et_pb_image][et_pb_text _builder_version=&#8221;4.2.1&#8243;]<\/p>\n<h1>Valloria . Il Paese delle Porte dipinte\u00a0<\/h1>\n<p>[\/et_pb_text][et_pb_code _builder_version=&#8221;4.2.1&#8243;]<iframe src=\"https:\/\/www.google.com\/maps\/embed?pb=!1m18!1m12!1m3!1d2873.5498466661093!2d7.91767437587679!3d43.92729302109046!2m3!1f0!2f0!3f0!3m2!1i1024!2i768!4f13.1!3m3!1m2!1s0x12d271a8ca3fc7b9%3A0xbca0c791ab5aa219!2s18020%20Valloria%2C%20Imperia!5e0!3m2!1sde!2sit!4v1670617223034!5m2!1sde!2sit\" width=\"400\" height=\"300\" style=\"border:0;\" allowfullscreen=\"\" loading=\"lazy\" referrerpolicy=\"no-referrer-when-downgrade\"><\/iframe>[\/et_pb_code][\/et_pb_column][et_pb_column type=&#8221;1_2&#8243; _builder_version=&#8221;4.2.1&#8243;][et_pb_text _builder_version=&#8221;4.2.1&#8243;]<\/p>\n<h1>Agriturismo San Giuseppe<\/h1>\n<p><a href=\"https:\/\/www.sangiuseppeagriturismo.com\/de\/agriturismo\/\">Alloggio in Valloria \/ Liguria<\/a><\/p>\n<p class=\"p1\">L&#8217;agriturismo di <strong>Paolo<\/strong> (la nostra guida e-bike) e della sua famiglia \u00e8 situato sopra il paese di Valloria, in una <strong>posizione panoramica unica<\/strong> da cui si gode di una magnifica vista sul Mar Mediterraneo di <strong>Imperia<\/strong>, su Porto Maurizio e sulle montagne circostanti. I suoi<strong> 7 appartamenti<\/strong> dispongono di cucine e spazi esterni propri. Per la nostra comunit\u00e0 c&#8217;\u00e8 una grande cucina comune con cibo vegetariano. Sono previste anche serate al ristorante di Valloria con pizza e cucina tradizionale ligure.<span class=\"Apple-converted-space\">\u00a0<\/span><\/p>\n<p class=\"p1\">La propriet\u00e0 collinare terrazzata dell&#8217;agriturismo \u00e8 coltivata a vite, alberi da frutto e ulivi; la zona giorno e la <strong>piscina<\/strong> sono splendidamente curate con fiori, arbusti e piccoli prati. I nostri workshop quotidiani di yoga si svolgono presso la splendida piscina panoramica. Il carattere <strong>familiare<\/strong> e caloroso di questo luogo speciale vi invita a rilassarvi e a ricaricarvi profondamente.<\/p>\n<p>[\/et_pb_text][et_pb_image src=&#8221;http:\/\/yogaliguria.com\/wp-content\/uploads\/2020\/03\/agriturismo-san-giuseppe-valloria-06.jpg&#8221; show_in_lightbox=&#8221;on&#8221; _builder_version=&#8221;4.2.1&#8243;][\/et_pb_image][\/et_pb_column][\/et_pb_row][et_pb_row column_structure=&#8221;1_2,1_2&#8243; _builder_version=&#8221;4.2.1&#8243;][et_pb_column type=&#8221;1_2&#8243; _builder_version=&#8221;4.2.1&#8243;][et_pb_image src=&#8221;http:\/\/yogaliguria.com\/wp-content\/uploads\/2022\/12\/Ebike_1.jpeg&#8221; show_in_lightbox=&#8221;on&#8221; _builder_version=&#8221;4.2.1&#8243;][\/et_pb_image][\/et_pb_column][et_pb_column type=&#8221;1_2&#8243; _builder_version=&#8221;4.2.1&#8243;][et_pb_text _builder_version=&#8221;4.2.1&#8243;]<\/p>\n<h1>La nostra routine quotidiana<\/h1>\n<ul>\n<li>8.00 Meditazione<\/li>\n<li>9.00 Colazione<\/li>\n<li>9.30 \u2013 11h\u00a0<strong>Yogaworkshops<\/strong> Elementi (Terra, Aria, Acqua, Fuoco, Etere, Esercizi Vinyasa &amp; Kundalini Yoga<\/li>\n<li>11h Brunch<\/li>\n<li>Tempo libero<\/li>\n<li>Pomeriggio\/Sera o anche tutto il giorno: <strong>Escursioni<\/strong> (Ebike, Camminate, Laghetti, Raccolta delle Olive, Meditazione al Fuoco, etc.)<\/li>\n<li>19\/20h Cena<\/li>\n<\/ul>\n<p class=\"p1\">Il nostro programma si <strong>adatta<\/strong> alle condizioni individuali del gruppo, alle condizioni meteorologiche e alle esigenze organizzative.<\/p>\n<p class=\"p1\">\u00c8 possibile portare il proprio abbigliamento da ciclismo (escluso il casco). L&#8217;attrezzatura per lo yoga (tappetini, coperte, cuscini) \u00e8 disponibile in loco, ma \u00e8 ovviamente possibile portare la propria.<\/p>\n<p>[\/et_pb_text][et_pb_text _builder_version=&#8221;4.2.1&#8243;]<\/p>\n<h1>Indicazioni Stradali<\/h1>\n<p class=\"p1\">In aereo fino a NIZZA (Francia) e da l\u00ec prendere un treno per IMPERIA ONEGLIA. Una navetta per portarci a Valloria pu\u00f2 essere fornita su richiesta.<\/p>\n<p class=\"p1\">In auto, uscire dall&#8217;autostrada costiera a IMPERIA OVEST. Poi su per le montagne per circa 20 minuti.<\/p>\n<p>[\/et_pb_text][\/et_pb_column][\/et_pb_row][et_pb_row column_structure=&#8221;1_2,1_2&#8243; _builder_version=&#8221;4.2.1&#8243;][et_pb_column type=&#8221;1_2&#8243; _builder_version=&#8221;4.2.1&#8243;][et_pb_image src=&#8221;http:\/\/yogaliguria.com\/wp-content\/uploads\/2022\/06\/agriturismosangiuseppe_2.jpeg&#8221; show_in_lightbox=&#8221;on&#8221; _builder_version=&#8221;4.2.1&#8243;][\/et_pb_image][et_pb_text _builder_version=&#8221;4.2.1&#8243;]<\/p>\n<h1 class=\"p1\">Una settimana Yoga &amp; E-bike nella bellissima Liguria per principianti entusiastici e avanzati curiosi.<\/h1>\n<p>[\/et_pb_text][et_pb_image src=&#8221;http:\/\/yogaliguria.com\/wp-content\/uploads\/2022\/07\/ebike_2.jpeg&#8221; show_in_lightbox=&#8221;on&#8221; admin_label=&#8221;Image&#8221; _builder_version=&#8221;4.2.1&#8243;][\/et_pb_image][et_pb_image src=&#8221;http:\/\/yogaliguria.com\/wp-content\/uploads\/2022\/12\/logo_yogaliguria.jpeg&#8221; show_in_lightbox=&#8221;on&#8221; _builder_version=&#8221;4.2.1&#8243;][\/et_pb_image][\/et_pb_column][et_pb_column type=&#8221;1_2&#8243; _builder_version=&#8221;4.2.1&#8243;][et_pb_text _builder_version=&#8221;4.2.1&#8243; hover_enabled=&#8221;0&#8243;]<\/p>\n<h1 class=\"p1\"><span class=\"s1\">Prezzi<\/span><\/h1>\n<p>&nbsp;<\/p>\n<p><strong><span class=\"s1\">Il RITIRO COMPLETO<br \/><\/span><\/strong><strong><span class=\"s1\">&amp; 23. &#8211; 30. Settembre 2023<\/span><\/strong><\/p>\n<p class=\"p1\">7 notti in camera singola o doppia in un agriturismo + colazione, brunch e cena, tour in e-bike, yoga, escursioni e tutti i workshop inclusi.<\/p>\n<ul>\n<li class=\"p2\">Camera singola 850 Euro<\/li>\n<li class=\"p2\">Camera doppia 790 Euro<\/li>\n<li class=\"p2\">Divanoletto matrimoniale 790 Euro<\/li>\n<\/ul>\n<p><strong>YOGA SMALL FESTIVALPASS<\/strong><br \/>3-4 giorni<br \/>Tutto compreso Pernottamento nel Agriturismo, Yoga, Cibo, Ebike<\/p>\n<ul>\n<li>Yoga Small Festivalpass: 500 Euro<\/li>\n<li>\u00a0excl. escursione Ebike: 400 Euro<\/li>\n<\/ul>\n<p class=\"p1\"><strong>PASS PER LA SETTIMANA SOLO YOGA<\/strong><\/p>\n<p class=\"p1\">Tutte le lezioni e i workshop di yoga senza tour in e-bike, alloggio e pasti:<\/p>\n<ul>\n<li class=\"p2\">Yoga Only Festivalpass 280 Euro<\/li>\n<\/ul>\n<p>&nbsp;<\/p>\n<p class=\"p1\"><strong>LEZIONI DI YOGA INDIVIDUALI<\/strong><\/p>\n<ul>\n<li class=\"p1\">\u00e1 90min- 2h con colazione brunch in Agriturismo: Lezione Singola 30 Euro<span class=\"Apple-converted-space\">\u00a0<\/span><\/li>\n<li>\u00e1 90min- 2h workshops pomeriggio\/sera 20 Euro (con cena +25 Euro)<\/li>\n<\/ul>\n<p>&nbsp;<\/p>\n<p><strong><br \/>E-BIKE TOUR SOLO<br \/><\/strong>Escursione a Borgomaro, sessione di Yoga, aperitivo, noleggio E-bike:<\/p>\n<ul>\n<li>100 Euro<\/li>\n<\/ul>\n<p>[\/et_pb_text][et_pb_text _builder_version=&#8221;4.2.1&#8243;]<\/p>\n<h1>Info<\/h1>\n<p class=\"p2\"><b>Agriturismo San Giuseppe in Valloria (IM) Liguria<\/b><span class=\"s1\"><b><br \/><\/b><a href=\"https:\/\/www.sangiuseppeagriturismo.com\/\" target=\"_blank\" rel=\"noopener noreferrer\">www.sangiuseppeagriturismo.com<\/a><\/span><\/p>\n<p class=\"p3\"><span class=\"s2\"><b>Yogainfo<\/b><\/span><b><br \/><\/b><a href=\"http:\/\/yogaliguria.com\/?page_id=119\" target=\"_blank\" rel=\"noopener noreferrer\">www.yogaliguria.com<\/a><b><\/b><b> <\/b><\/p>\n<p><b><\/b><span class=\"s2\"><b>ValPrino BikeTrail<\/b><\/span><b><br \/><\/b><a href=\"https:\/\/www.liguria-e-bike.com\/de\/\" target=\"_blank\" rel=\"noopener noreferrer\">www.liguria-e-bike.com<\/a><b><\/b><b> <\/b><\/p>\n<h1>Buchung<\/h1>\n<p class=\"p2\"><a href=\"mailto:info@yogaliguria.com\">info@yogaliguria.com<\/a> I Whatsapp +39 389 791 5382<\/p>\n<p>[\/et_pb_text][et_pb_image src=&#8221;http:\/\/yogaliguria.com\/wp-content\/uploads\/2015\/05\/21463114_904185756395932_607727049646801000_n.jpg&#8221; show_in_lightbox=&#8221;on&#8221; admin_label=&#8221;Image&#8221; _builder_version=&#8221;4.2.1&#8243;][\/et_pb_image][\/et_pb_column][\/et_pb_row][et_pb_row _builder_version=&#8221;3.25&#8243; background_size=&#8221;initial&#8221; background_position=&#8221;top_left&#8221; background_repeat=&#8221;repeat&#8221; global_module=&#8221;1983&#8243;][et_pb_column type=&#8221;4_4&#8243; _builder_version=&#8221;3.25&#8243; custom_padding=&#8221;|||&#8221; custom_padding__hover=&#8221;|||&#8221;][et_pb_contact_form captcha=&#8221;off&#8221; email=&#8221;emi.denkmann@live.de&#8221; title=&#8221;Contact Us&#8221; admin_label=&#8221;Contact Form&#8221; _builder_version=&#8221;3.0.87&#8243;][et_pb_contact_field field_id=&#8221;Name&#8221; field_title=&#8221;Name&#8221; _builder_version=&#8221;3.16&#8243; button_text_size__hover_enabled=&#8221;off&#8221; button_one_text_size__hover_enabled=&#8221;off&#8221; button_two_text_size__hover_enabled=&#8221;off&#8221; button_text_color__hover_enabled=&#8221;off&#8221; button_one_text_color__hover_enabled=&#8221;off&#8221; button_two_text_color__hover_enabled=&#8221;off&#8221; button_border_width__hover_enabled=&#8221;off&#8221; button_one_border_width__hover_enabled=&#8221;off&#8221; button_two_border_width__hover_enabled=&#8221;off&#8221; button_border_color__hover_enabled=&#8221;off&#8221; button_one_border_color__hover_enabled=&#8221;off&#8221; button_two_border_color__hover_enabled=&#8221;off&#8221; button_border_radius__hover_enabled=&#8221;off&#8221; button_one_border_radius__hover_enabled=&#8221;off&#8221; button_two_border_radius__hover_enabled=&#8221;off&#8221; button_letter_spacing__hover_enabled=&#8221;off&#8221; button_one_letter_spacing__hover_enabled=&#8221;off&#8221; button_two_letter_spacing__hover_enabled=&#8221;off&#8221; button_bg_color__hover_enabled=&#8221;off&#8221; button_one_bg_color__hover_enabled=&#8221;off&#8221; button_two_bg_color__hover_enabled=&#8221;off&#8221;][\/et_pb_contact_field][et_pb_contact_field field_id=&#8221;Email&#8221; field_title=&#8221;Email Address&#8221; field_type=&#8221;email&#8221; _builder_version=&#8221;3.16&#8243; button_text_size__hover_enabled=&#8221;off&#8221; button_one_text_size__hover_enabled=&#8221;off&#8221; button_two_text_size__hover_enabled=&#8221;off&#8221; button_text_color__hover_enabled=&#8221;off&#8221; button_one_text_color__hover_enabled=&#8221;off&#8221; button_two_text_color__hover_enabled=&#8221;off&#8221; button_border_width__hover_enabled=&#8221;off&#8221; button_one_border_width__hover_enabled=&#8221;off&#8221; button_two_border_width__hover_enabled=&#8221;off&#8221; button_border_color__hover_enabled=&#8221;off&#8221; button_one_border_color__hover_enabled=&#8221;off&#8221; button_two_border_color__hover_enabled=&#8221;off&#8221; button_border_radius__hover_enabled=&#8221;off&#8221; button_one_border_radius__hover_enabled=&#8221;off&#8221; button_two_border_radius__hover_enabled=&#8221;off&#8221; button_letter_spacing__hover_enabled=&#8221;off&#8221; button_one_letter_spacing__hover_enabled=&#8221;off&#8221; button_two_letter_spacing__hover_enabled=&#8221;off&#8221; button_bg_color__hover_enabled=&#8221;off&#8221; button_one_bg_color__hover_enabled=&#8221;off&#8221; button_two_bg_color__hover_enabled=&#8221;off&#8221;][\/et_pb_contact_field][et_pb_contact_field field_id=&#8221;Message&#8221; field_title=&#8221;Message&#8221; field_type=&#8221;text&#8221; fullwidth_field=&#8221;on&#8221; _builder_version=&#8221;3.16&#8243; button_text_size__hover_enabled=&#8221;off&#8221; button_one_text_size__hover_enabled=&#8221;off&#8221; button_two_text_size__hover_enabled=&#8221;off&#8221; button_text_color__hover_enabled=&#8221;off&#8221; button_one_text_color__hover_enabled=&#8221;off&#8221; button_two_text_color__hover_enabled=&#8221;off&#8221; button_border_width__hover_enabled=&#8221;off&#8221; button_one_border_width__hover_enabled=&#8221;off&#8221; button_two_border_width__hover_enabled=&#8221;off&#8221; button_border_color__hover_enabled=&#8221;off&#8221; button_one_border_color__hover_enabled=&#8221;off&#8221; button_two_border_color__hover_enabled=&#8221;off&#8221; button_border_radius__hover_enabled=&#8221;off&#8221; button_one_border_radius__hover_enabled=&#8221;off&#8221; button_two_border_radius__hover_enabled=&#8221;off&#8221; button_letter_spacing__hover_enabled=&#8221;off&#8221; button_one_letter_spacing__hover_enabled=&#8221;off&#8221; button_two_letter_spacing__hover_enabled=&#8221;off&#8221; button_bg_color__hover_enabled=&#8221;off&#8221; button_one_bg_color__hover_enabled=&#8221;off&#8221; button_two_bg_color__hover_enabled=&#8221;off&#8221;][\/et_pb_contact_field][\/et_pb_contact_form][\/et_pb_column][\/et_pb_row][\/et_pb_section][et_pb_section fb_built=&#8221;1&#8243; _builder_version=&#8221;4.2.1&#8243;][et_pb_row _builder_version=&#8221;4.2.1&#8243;][et_pb_column type=&#8221;4_4&#8243; _builder_version=&#8221;4.2.1&#8243;][et_pb_text _builder_version=&#8221;4.2.1&#8243;]<\/p>\n<h1>IMPRESSIONEN<br \/>EINDR\u00dcCKE<br \/>AGRITURISMO<\/h1>\n<p>[\/et_pb_text][\/et_pb_column][\/et_pb_row][\/et_pb_section][et_pb_section fb_built=&#8221;1&#8243; fullwidth=&#8221;on&#8221; _builder_version=&#8221;4.2.1&#8243;][et_pb_fullwidth_image src=&#8221;http:\/\/yogaliguria.com\/wp-content\/uploads\/2020\/03\/sundowngiuseppe.jpg&#8221; _builder_version=&#8221;4.2.1&#8243; background_color=&#8221;rgba(0,0,0,0)&#8221;][\/et_pb_fullwidth_image][et_pb_fullwidth_image src=&#8221;http:\/\/yogaliguria.com\/wp-content\/uploads\/2020\/03\/san-giuseppe1.jpg&#8221; _builder_version=&#8221;4.2.1&#8243; background_color=&#8221;rgba(0,0,0,0)&#8221;][\/et_pb_fullwidth_image][et_pb_fullwidth_image src=&#8221;http:\/\/yogaliguria.com\/wp-content\/uploads\/2020\/03\/agriturismo-san-giuseppe-valloria-08.jpg&#8221; _builder_version=&#8221;4.2.1&#8243; background_color=&#8221;rgba(0,0,0,0)&#8221;][\/et_pb_fullwidth_image][et_pb_fullwidth_image src=&#8221;http:\/\/yogaliguria.com\/wp-content\/uploads\/2020\/03\/IMG_6214.jpg&#8221; _builder_version=&#8221;4.2.1&#8243; background_color=&#8221;rgba(0,0,0,0)&#8221;][\/et_pb_fullwidth_image][et_pb_fullwidth_image src=&#8221;http:\/\/yogaliguria.com\/wp-content\/uploads\/2020\/03\/agriturismo-san-giuseppe-valloria-02a.jpg&#8221; _builder_version=&#8221;4.2.1&#8243; background_color=&#8221;rgba(0,0,0,0)&#8221;][\/et_pb_fullwidth_image][et_pb_fullwidth_image src=&#8221;http:\/\/yogaliguria.com\/wp-content\/uploads\/2020\/03\/san-giuseppe2.jpg&#8221; _builder_version=&#8221;4.2.1&#8243; background_color=&#8221;rgba(0,0,0,0)&#8221;][\/et_pb_fullwidth_image][et_pb_fullwidth_image src=&#8221;http:\/\/yogaliguria.com\/wp-content\/uploads\/2020\/03\/agriturismo-san-giuseppe-valloria-06.jpg&#8221; _builder_version=&#8221;4.2.1&#8243; background_color=&#8221;rgba(0,0,0,0)&#8221;][\/et_pb_fullwidth_image][et_pb_fullwidth_image src=&#8221;http:\/\/yogaliguria.com\/wp-content\/uploads\/2020\/02\/Inverted-Eagle.jpg&#8221; _builder_version=&#8221;4.2.1&#8243; background_color=&#8221;rgba(0,0,0,0)&#8221;][\/et_pb_fullwidth_image][\/et_pb_section]<\/p>\n","protected":false},"excerpt":{"rendered":"<p>[et_pb_section fb_built=&#8221;1&#8243; fullwidth=&#8221;on&#8221; _builder_version=&#8221;4.2.1&#8243;][et_pb_fullwidth_slider _builder_version=&#8221;4.2.1&#8243; background_color=&#8221;#88c4dd&#8221; animation_style=&#8221;slide&#8221;][et_pb_slide heading=&#8221;. : : ELEMENTS : : .&#8221; button_text=&#8221;Versione Italiana \ud83c\uddee\ud83c\uddf9 &#8221; button_link=&#8221;http:\/\/yogaliguria.com\/?page_id=3156#&#8221; _builder_version=&#8221;4.2.1&#8243; background_color=&#8221;#FFFFFF&#8221; background_enable_color=&#8221;on&#8221; background_image=&#8221;http:\/\/yogaliguria.com\/wp-content\/uploads\/2022\/12\/Elements_Retreat_Header.jpeg&#8221; background_enable_image=&#8221;on&#8221; button_alignment=&#8221;center&#8221;] YOGA &amp; E-BIKE RETREAT Valloria (Imperia) \/ ITALYAgriturismo San Giuseppe 23. &#8211; 30. Settembre 2023 Kundalini, Vinyasa Yoga &amp; MeditazioneE-Mountainbike Tour5 Elementi &amp; Raccolta Olive [\/et_pb_slide][\/et_pb_fullwidth_slider][\/et_pb_section][et_pb_section fb_built=&#8221;1&#8243; _builder_version=&#8221;4.2.1&#8243;][et_pb_row column_structure=&#8221;1_2,1_2&#8243; _builder_version=&#8221;4.2.1&#8243;][et_pb_column [&hellip;]<\/p>\n","protected":false},"author":1,"featured_media":0,"parent":0,"menu_order":0,"comment_status":"closed","ping_status":"closed","template":"","meta":{"_et_pb_use_builder":"on","_et_pb_old_content":"","_et_gb_content_width":"","footnotes":""},"class_list":["post-3156","page","type-page","status-publish","hentry"],"_links":{"self":[{"href":"http:\/\/yogaliguria.com\/index.php?rest_route=\/wp\/v2\/pages\/3156","targetHints":{"allow":["GET"]}}],"collection":[{"href":"http:\/\/yogaliguria.com\/index.php?rest_route=\/wp\/v2\/pages"}],"about":[{"href":"http:\/\/yogaliguria.com\/index.php?rest_route=\/wp\/v2\/types\/page"}],"author":[{"embeddable":true,"href":"http:\/\/yogaliguria.com\/index.php?rest_route=\/wp\/v2\/users\/1"}],"replies":[{"embeddable":true,"href":"http:\/\/yogaliguria.com\/index.php?rest_route=%2Fwp%2Fv2%2Fcomments&post=3156"}],"version-history":[{"count":12,"href":"http:\/\/yogaliguria.com\/index.php?rest_route=\/wp\/v2\/pages\/3156\/revisions"}],"predecessor-version":[{"id":3212,"href":"http:\/\/yogaliguria.com\/index.php?rest_route=\/wp\/v2\/pages\/3156\/revisions\/3212"}],"wp:attachment":[{"href":"http:\/\/yogaliguria.com\/index.php?rest_route=%2Fwp%2Fv2%2Fmedia&parent=3156"}],"curies":[{"name":"wp","href":"https:\/\/api.w.org\/{rel}","templated":true}]}}