{"id":2216,"date":"2021-06-06T11:09:04","date_gmt":"2021-06-06T09:09:04","guid":{"rendered":"http:\/\/yogaliguria.com\/?page_id=2216"},"modified":"2022-12-09T16:30:26","modified_gmt":"2022-12-09T15:30:26","slug":"healingartsgarden","status":"publish","type":"page","link":"http:\/\/yogaliguria.com\/?page_id=2216","title":{"rendered":"HEALINGARTSGARDEN"},"content":{"rendered":"<p>[et_pb_section fb_built=&#8221;1&#8243; _builder_version=&#8221;4.2.1&#8243;][et_pb_row _builder_version=&#8221;4.2.1&#8243;][et_pb_column type=&#8221;4_4&#8243; _builder_version=&#8221;4.2.1&#8243;][et_pb_text _builder_version=&#8221;4.2.1&#8243; hover_enabled=&#8221;0&#8243;]<\/p>\n<h1>HEALINGARTSGARDEN OutdoorYogaStudio<\/h1>\n<h3>Progressive Kundalini Yoga &amp; Meditation I Naturetherapy\u00a9 I Retreats<\/h3>\n<p>[\/et_pb_text][et_pb_image src=&#8221;http:\/\/yogaliguria.com\/wp-content\/uploads\/2021\/06\/Meditation_aimee1.jpg&#8221; _builder_version=&#8221;4.2.1&#8243;][\/et_pb_image][et_pb_text _builder_version=&#8221;4.2.1&#8243; text_line_height=&#8221;1.9em&#8221;]<\/p>\n<p dir=\"auto\"><span style=\"font-size: 14pt;\">\ud83c\uddec\ud83c\udde7 Replenish with <a class=\"oajrlxb2 g5ia77u1 qu0x051f esr5mh6w e9989ue4 r7d6kgcz rq0escxv nhd2j8a9 nc684nl6 p7hjln8o kvgmc6g5 cxmmr5t8 oygrvhab hcukyx3x jb3vyjys rz4wbd8a qt6c0cv9 a8nywdso i1ao9s8h esuyzwwr f1sip0of lzcic4wl q66pz984 gpro0wi8 b1v8xokw\" tabindex=\"0\" role=\"link\" href=\"https:\/\/www.facebook.com\/hashtag\/progressivekundaliniyoga?__eep__=6&amp;__cft__[0]=AZXxouJ-48lIWtPFkMEJx8Ur4MNFQusGenIsHV-yIObnKDB84h3xadsDz3YBWSZuTJLpJwsajjleZbXwBybrXWxv1V8jR8UeZsaXHfii0hEzJwfrR4jLClcjf6wVJuWJGjerEQT_rA-ZvCfoktZXtvFGchPIrN_ubFx52uSo1a_b841Gc61L_gYx6j9i9sftVMI&amp;__tn__=*NK-R\">#progressivekundaliniyoga<\/a> by <a class=\"oajrlxb2 g5ia77u1 qu0x051f esr5mh6w e9989ue4 r7d6kgcz rq0escxv nhd2j8a9 nc684nl6 p7hjln8o kvgmc6g5 cxmmr5t8 oygrvhab hcukyx3x jb3vyjys rz4wbd8a qt6c0cv9 a8nywdso i1ao9s8h esuyzwwr f1sip0of lzcic4wl q66pz984 gpro0wi8 b1v8xokw\" tabindex=\"0\" role=\"link\" href=\"https:\/\/www.facebook.com\/hashtag\/aimeedenkmann?__eep__=6&amp;__cft__[0]=AZXxouJ-48lIWtPFkMEJx8Ur4MNFQusGenIsHV-yIObnKDB84h3xadsDz3YBWSZuTJLpJwsajjleZbXwBybrXWxv1V8jR8UeZsaXHfii0hEzJwfrR4jLClcjf6wVJuWJGjerEQT_rA-ZvCfoktZXtvFGchPIrN_ubFx52uSo1a_b841Gc61L_gYx6j9i9sftVMI&amp;__tn__=*NK-R\">#aimeedenkmann<\/a> and embrace the deep healing, nature can provide. This year, apart from Yoga and Meditation we will also present a new pillar of our work that&#8217;s called <a class=\"oajrlxb2 g5ia77u1 qu0x051f esr5mh6w e9989ue4 r7d6kgcz rq0escxv nhd2j8a9 nc684nl6 p7hjln8o kvgmc6g5 cxmmr5t8 oygrvhab hcukyx3x jb3vyjys rz4wbd8a qt6c0cv9 a8nywdso i1ao9s8h esuyzwwr f1sip0of lzcic4wl q66pz984 gpro0wi8 b1v8xokw\" tabindex=\"0\" role=\"link\" href=\"https:\/\/www.facebook.com\/hashtag\/naturetherapy?__eep__=6&amp;__cft__[0]=AZXxouJ-48lIWtPFkMEJx8Ur4MNFQusGenIsHV-yIObnKDB84h3xadsDz3YBWSZuTJLpJwsajjleZbXwBybrXWxv1V8jR8UeZsaXHfii0hEzJwfrR4jLClcjf6wVJuWJGjerEQT_rA-ZvCfoktZXtvFGchPIrN_ubFx52uSo1a_b841Gc61L_gYx6j9i9sftVMI&amp;__tn__=*NK-R\">#Naturetherapy<\/a>\u00a9.<\/span><\/p>\n<p><span style=\"font-size: 14pt;\"><strong>Outdoor workshops <\/strong>serve\u00a0to connect with nature, unseperate ourselves to enter deeper relaxation &amp; contentment. Every session is a\u00a0<strong>unique blend<\/strong>: It is taken into account the individual needs of the participants, the daily atmosphere &amp; requirements. Classes in English, Italian &amp; German.<\/span><\/p>\n<p>[\/et_pb_text][et_pb_image src=&#8221;http:\/\/yogaliguria.com\/wp-content\/uploads\/2021\/06\/6loghi-scaled.jpg&#8221; _builder_version=&#8221;4.2.1&#8243;][\/et_pb_image][et_pb_text _builder_version=&#8221;4.2.1&#8243;]<\/p>\n<h1>\ud83c\udde9\ud83c\uddea HEALINGARTSGARDEN<\/h1>\n<p><span style=\"font-size: 12pt;\">Borgomaro ist ein kleiner typisch ligurischer Ort im Hinterland von Imperia. Hier habe ich in den letzten Jahren einen Heilkunstgarten mit einem kleinen exklusivem Outdoor &#8211; Yogastudio aufgebaut, um interessierten Yogis und Yoginis die M\u00f6glichkeit der R\u00fcckanbindung an die Natur zu erm\u00f6glichen. Die k\u00f6rpereigene Heilkraft die durch das Sein in der Natur verst\u00e4rkt wird, ist ein wichtiger Aspekt um zu sich zu finden, zu heilen, zu entspannen, sein Immunsystem zu st\u00e4rken und trotz all der Separation in unserer Welt unsere wahre Verbundenheit wieder zu sp\u00fcren.<\/span><\/p>\n<p><span style=\"font-size: 12pt;\">Interdisziplinarit\u00e4t hat mir schon immer gut gefallen und deshalb habe ich das Yoga auch \u201eprogressives\u201c Kundalini Yoga genannt, weil in meinen Kursen nebst klassischem Kundalini auch Elemente aus anderen Methoden zu finden sind, z.b. Tanz, Buddhistische Meditation, Naturetherapy, Pflanzenheilkunde uvm. Die Kurse werden in deutsch, italienisch und englisch gehalten. Derzeit baue ich Bio-Gem\u00fcse und Obst an, sowie Heilkr\u00e4uter und Blumen &#8211; die Natur und ihre Rhythmen lehren uns immens viel. Nicht nur in Zeiten von Corona hat der Healingartsgarden mir und anderen den \u201emagischen\u201c Raum gegeben um sich entfalten zu d\u00fcrfen und einfach das Sein zu geniessen. Durch die F\u00fclle und die Liebe der Natur, erkennen wir die F\u00fclle und Liebe in uns selbst und haben somit die M\u00f6glichkeit \u00fcberfl\u00fcssige Mangelprogramme und unangenehme Gef\u00fchle l\u00f6sen zu k\u00f6nnen. Das Yoga und die Meditation helfen uns dabei in diese Erfahrung tiefer vordringen zu k\u00f6nnen.<\/span><\/p>\n<p><span style=\"font-size: 12pt;\">Von April bis Oktober k\u00f6nnen interessierte G\u00e4ste das Yoga im Healingartsgarden kursweise besuchen oder gar ein privates Yogaretreat in individueller Absprache buchen. Im Winter (Oktober bis Mai) gibt es zus\u00e4tzlich Onlineyoga in 3 Sprachen um den Kontakt zur YogaCommunity und die Praxis von zu Hause aus weiterhin zu st\u00e4rken und zu vertiefen.<\/span><\/p>\n<p><span style=\"font-size: 12pt;\">Wir freuen uns, wenn Ihr uns in Borgomaro besucht und damit Teil unserer ganz einzigartigen ligurisch &#8211; internationalen Yogacommunity werdet.<span class=\"Apple-converted-space\"> \u2764\ufe0f\ud83d\udc95\ud83d\ude4f\ud83c\udffb<\/span><\/span><\/p>\n<p>[\/et_pb_text][\/et_pb_column][\/et_pb_row][et_pb_row column_structure=&#8221;1_4,1_4,1_4,1_4&#8243; _builder_version=&#8221;4.2.1&#8243;][et_pb_column type=&#8221;1_4&#8243; _builder_version=&#8221;4.2.1&#8243;][et_pb_image src=&#8221;http:\/\/yogaliguria.com\/wp-content\/uploads\/2021\/06\/Workshops_2020_3.jpg&#8221; show_in_lightbox=&#8221;on&#8221; _builder_version=&#8221;4.2.1&#8243;][\/et_pb_image][et_pb_image src=&#8221;http:\/\/yogaliguria.com\/wp-content\/uploads\/2021\/06\/Naturetherapy_2.jpg&#8221; _builder_version=&#8221;4.2.1&#8243;][\/et_pb_image][et_pb_image src=&#8221;http:\/\/yogaliguria.com\/wp-content\/uploads\/2021\/06\/Workshops_2020_8.jpg&#8221; _builder_version=&#8221;4.2.1&#8243;][\/et_pb_image][et_pb_image src=&#8221;http:\/\/yogaliguria.com\/wp-content\/uploads\/2022\/12\/HAG_7.jpeg&#8221; _builder_version=&#8221;4.2.1&#8243;][\/et_pb_image][\/et_pb_column][et_pb_column type=&#8221;1_4&#8243; _builder_version=&#8221;4.2.1&#8243;][et_pb_image src=&#8221;http:\/\/yogaliguria.com\/wp-content\/uploads\/2021\/06\/Workshops_2020_7.jpg&#8221; _builder_version=&#8221;4.2.1&#8243;][\/et_pb_image][et_pb_image src=&#8221;http:\/\/yogaliguria.com\/wp-content\/uploads\/2021\/06\/Naturetherapy_5.jpg&#8221; _builder_version=&#8221;4.2.1&#8243;][\/et_pb_image][et_pb_image src=&#8221;http:\/\/yogaliguria.com\/wp-content\/uploads\/2021\/06\/Naturetherapy_7.jpg&#8221; _builder_version=&#8221;4.2.1&#8243;][\/et_pb_image][et_pb_image src=&#8221;http:\/\/yogaliguria.com\/wp-content\/uploads\/2021\/06\/Naturetherapy_8.jpg&#8221; _builder_version=&#8221;4.2.1&#8243;][\/et_pb_image][et_pb_image src=&#8221;http:\/\/yogaliguria.com\/wp-content\/uploads\/2022\/12\/HAG_8.jpeg&#8221; _builder_version=&#8221;4.2.1&#8243;][\/et_pb_image][\/et_pb_column][et_pb_column type=&#8221;1_4&#8243; _builder_version=&#8221;4.2.1&#8243;][et_pb_image src=&#8221;http:\/\/yogaliguria.com\/wp-content\/uploads\/2021\/06\/Workshops_2020_1.jpg&#8221; _builder_version=&#8221;4.2.1&#8243;][\/et_pb_image][et_pb_image src=&#8221;http:\/\/yogaliguria.com\/wp-content\/uploads\/2021\/06\/HAG_2020_casarosa.jpg&#8221; _builder_version=&#8221;4.2.1&#8243;][\/et_pb_image][et_pb_image src=&#8221;http:\/\/yogaliguria.com\/wp-content\/uploads\/2021\/06\/Mood_HAG_2020_1.jpg&#8221; _builder_version=&#8221;4.2.1&#8243;][\/et_pb_image][et_pb_image src=&#8221;http:\/\/yogaliguria.com\/wp-content\/uploads\/2022\/12\/HAG_9.jpeg&#8221; _builder_version=&#8221;4.2.1&#8243;][\/et_pb_image][\/et_pb_column][et_pb_column type=&#8221;1_4&#8243; _builder_version=&#8221;4.2.1&#8243;][et_pb_image src=&#8221;http:\/\/yogaliguria.com\/wp-content\/uploads\/2022\/12\/HAG_6.jpeg&#8221; _builder_version=&#8221;4.2.1&#8243;][\/et_pb_image][et_pb_image src=&#8221;http:\/\/yogaliguria.com\/wp-content\/uploads\/2021\/06\/Workshops_2020_2.jpg&#8221; _builder_version=&#8221;4.2.1&#8243;][\/et_pb_image][et_pb_image src=&#8221;http:\/\/yogaliguria.com\/wp-content\/uploads\/2021\/06\/Workshops_2020_9.jpg&#8221; _builder_version=&#8221;4.2.1&#8243;][\/et_pb_image][et_pb_image src=&#8221;http:\/\/yogaliguria.com\/wp-content\/uploads\/2021\/06\/Workshops_2020_5.jpg&#8221; _builder_version=&#8221;4.2.1&#8243;][\/et_pb_image][\/et_pb_column][\/et_pb_row][et_pb_row _builder_version=&#8221;4.2.1&#8243;][et_pb_column type=&#8221;4_4&#8243; _builder_version=&#8221;4.2.1&#8243;][et_pb_image src=&#8221;http:\/\/yogaliguria.com\/wp-content\/uploads\/2021\/06\/babypose-1-scaled.jpg&#8221; admin_label=&#8221;Image&#8221; _builder_version=&#8221;4.2.1&#8243;][\/et_pb_image][et_pb_image src=&#8221;http:\/\/yogaliguria.com\/wp-content\/uploads\/2021\/06\/HAG_2021.jpg&#8221; _builder_version=&#8221;4.2.1&#8243;][\/et_pb_image][\/et_pb_column][\/et_pb_row][\/et_pb_section]<\/p>\n","protected":false},"excerpt":{"rendered":"<p>[et_pb_section fb_built=&#8221;1&#8243; _builder_version=&#8221;4.2.1&#8243;][et_pb_row _builder_version=&#8221;4.2.1&#8243;][et_pb_column type=&#8221;4_4&#8243; _builder_version=&#8221;4.2.1&#8243;][et_pb_text _builder_version=&#8221;4.2.1&#8243; hover_enabled=&#8221;0&#8243;] HEALINGARTSGARDEN OutdoorYogaStudio Progressive Kundalini Yoga &amp; Meditation I Naturetherapy\u00a9 I Retreats [\/et_pb_text][et_pb_image src=&#8221;http:\/\/yogaliguria.com\/wp-content\/uploads\/2021\/06\/Meditation_aimee1.jpg&#8221; _builder_version=&#8221;4.2.1&#8243;][\/et_pb_image][et_pb_text _builder_version=&#8221;4.2.1&#8243; text_line_height=&#8221;1.9em&#8221;] \ud83c\uddec\ud83c\udde7 Replenish with #progressivekundaliniyoga by #aimeedenkmann and embrace the deep healing, nature can provide. This year, apart from Yoga and Meditation we will also present a new pillar of our work [&hellip;]<\/p>\n","protected":false},"author":1,"featured_media":0,"parent":0,"menu_order":0,"comment_status":"closed","ping_status":"closed","template":"","meta":{"_et_pb_use_builder":"on","_et_pb_old_content":"","_et_gb_content_width":"","footnotes":""},"class_list":["post-2216","page","type-page","status-publish","hentry"],"_links":{"self":[{"href":"http:\/\/yogaliguria.com\/index.php?rest_route=\/wp\/v2\/pages\/2216","targetHints":{"allow":["GET"]}}],"collection":[{"href":"http:\/\/yogaliguria.com\/index.php?rest_route=\/wp\/v2\/pages"}],"about":[{"href":"http:\/\/yogaliguria.com\/index.php?rest_route=\/wp\/v2\/types\/page"}],"author":[{"embeddable":true,"href":"http:\/\/yogaliguria.com\/index.php?rest_route=\/wp\/v2\/users\/1"}],"replies":[{"embeddable":true,"href":"http:\/\/yogaliguria.com\/index.php?rest_route=%2Fwp%2Fv2%2Fcomments&post=2216"}],"version-history":[{"count":40,"href":"http:\/\/yogaliguria.com\/index.php?rest_route=\/wp\/v2\/pages\/2216\/revisions"}],"predecessor-version":[{"id":2965,"href":"http:\/\/yogaliguria.com\/index.php?rest_route=\/wp\/v2\/pages\/2216\/revisions\/2965"}],"wp:attachment":[{"href":"http:\/\/yogaliguria.com\/index.php?rest_route=%2Fwp%2Fv2%2Fmedia&parent=2216"}],"curies":[{"name":"wp","href":"https:\/\/api.w.org\/{rel}","templated":true}]}}